{"id":893,"date":"2023-07-07T20:27:10","date_gmt":"2023-07-07T20:27:10","guid":{"rendered":"https:\/\/buscoformaciononline.com\/?page_id=893"},"modified":"2023-07-10T19:52:42","modified_gmt":"2023-07-10T19:52:42","slug":"mapa-do-sitio-web","status":"publish","type":"page","link":"https:\/\/buscoformaciononline.com\/gl\/mapa-do-sitio-web\/","title":{"rendered":"Mapa do sitio web"},"content":{"rendered":"\t\t<div data-elementor-type=\"wp-page\" data-elementor-id=\"893\" class=\"elementor elementor-893\">\r\n\t\t\t\t<div class=\"elementor-element elementor-element-682daf8 e-flex e-con-boxed e-con e-parent\" data-id=\"682daf8\" data-element_type=\"container\" data-settings=\"{&quot;background_background&quot;:&quot;classic&quot;,&quot;_ob_use_container_extras&quot;:&quot;no&quot;,&quot;_ob_column_hoveranimator&quot;:&quot;no&quot;,&quot;_ob_glider_is_slider&quot;:&quot;no&quot;,&quot;_ob_column_has_pseudo&quot;:&quot;no&quot;}\">\r\n\t\t\t\t\t<div class=\"e-con-inner\">\r\n\t\t<div class=\"elementor-element elementor-element-e224e56 e-con-full e-flex e-con e-child\" data-id=\"e224e56\" data-element_type=\"container\" data-settings=\"{&quot;_ob_use_container_extras&quot;:&quot;no&quot;,&quot;_ob_column_hoveranimator&quot;:&quot;no&quot;,&quot;_ob_glider_is_slider&quot;:&quot;no&quot;,&quot;_ob_column_has_pseudo&quot;:&quot;no&quot;}\">\r\n\t\t\t\t<div class=\"elementor-element elementor-element-af04084 uael-heading-align-left uael-mobile-heading-align-center ob-has-background-overlay elementor-widget elementor-widget-uael-advanced-heading\" data-id=\"af04084\" data-element_type=\"widget\" data-settings=\"{&quot;_ob_widget_stalker_use&quot;:&quot;no&quot;,&quot;_ob_poopart_use&quot;:&quot;yes&quot;,&quot;_ob_shadough_use&quot;:&quot;no&quot;,&quot;_ob_allow_hoveranimator&quot;:&quot;no&quot;}\" data-widget_type=\"uael-advanced-heading.default\">\r\n\t\t\t\t\t\t<div class=\"elementor-widget-container\">\r\n\t\t\t\t\t\r\n\t\t<div class=\"uael-module-content uael-heading-wrapper\">\r\n\t\t\t\t\t\t<div class=\"uael-module-content uael-separator-parent\">\r\n\t\t\t\t\t\t\t\t<div class=\"uael-separator-wrap\">\r\n\t\t\t\t\t<div class=\"uael-separator-line uael-side-left\">\r\n\t\t\t\t\t\t<span><\/span>\r\n\t\t\t\t\t<\/div>\r\n\t\t\t\t\t<div class=\"uael-divider-content\">\r\n\t\t\t\t\t\t\t\t\t<div class=\"uael-module-content uael-imgicon-wrap elementor-animation-\">\t\t\t\t\t\t\t\t\t\t\t\t\t\t\t<div class=\"uael-icon-wrap\">\r\n\t\t\t\t\t\t\t\t<span class=\"uael-icon\">\r\n\t\t\t\t\t\t\t\t\t<svg xmlns:dc=\"http:\/\/purl.org\/dc\/elements\/1.1\/\" xmlns:cc=\"http:\/\/creativecommons.org\/ns#\" xmlns:rdf=\"http:\/\/www.w3.org\/1999\/02\/22-rdf-syntax-ns#\" xmlns:svg=\"http:\/\/www.w3.org\/2000\/svg\" xmlns=\"http:\/\/www.w3.org\/2000\/svg\" xmlns:sodipodi=\"http:\/\/sodipodi.sourceforge.net\/DTD\/sodipodi-0.dtd\" xmlns:inkscape=\"http:\/\/www.inkscape.org\/namespaces\/inkscape\" width=\"74mm\" height=\"46mm\" viewBox=\"0 0 262.20471 162.9921\" id=\"svg5424\" inkscape:version=\"0.91 r13725\" sodipodi:docname=\"isotipo_tagenata_2_cores.svg\" inkscape:export-filename=\"\/home\/sonia\/WORKS\/IMAXE CORPORATIVA TAGENATA\/LOGOTIPOS DEF\/isotipo_tagenata\/isotipo_tagenata_2_cores.pdf.png\" inkscape:export-xdpi=\"90\" inkscape:export-ydpi=\"90\"><defs id=\"defs5426\"><\/defs><metadata><\/metadata><g inkscape:label=\"Layer 1\" inkscape:groupmode=\"layer\" id=\"layer1\" transform=\"translate(0,-889.3701)\"><g id=\"g103-3-0\" transform=\"matrix(2.1901816,0,0,2.1901816,-514.57084,85.76723)\"><path id=\"path105-6-7\" d=\"m 328.532,368.513 c -20.271,0 -27.19,2.147 -27.19,20.999 l 0,8.82 29.095,0 c 14.315,0 20.99,-5.735 20.99,-14.548 -0.001,-8.118 -6.443,-15.271 -22.895,-15.271 z\" inkscape:connector-curvature=\"0\" style=\"fill:#0075c9\"><\/path><path id=\"path107-1-8\" d=\"m 271.369,410.16 c 14.885,0 22.518,-9.421 22.518,-20.484 0,-12.012 -9.004,-21.163 -24.438,-21.163 -0.839,0 -1.66,0.009 -2.472,0.021 l -28.797,0 0,0.787 0,6.195 0,41.055 c 0,17.08 11.749,22.801 28.815,22.801 10.375,0 18.02,-2.727 23.345,-10.098 l -10.92,-8.322 c -2.451,3.954 -5.866,5.316 -13.104,5.316 -9.977,0 -14.201,-2.326 -14.201,-8.874 l 0,-7.233 19.254,0 z m 9.42,-19.803 c 0,5.049 -3.819,8.336 -12.021,8.336 l -16.652,0 0,-5.059 c 0,-10.788 3.957,-12.022 15.569,-12.022 9.417,0 13.104,4.099 13.104,8.745 z\" inkscape:connector-curvature=\"0\" style=\"fill:#a4a9ad\"><\/path><\/g><\/g><\/svg>\r\n\t\t\t\t\t\t\t\t<\/span>\r\n\t\t\t\t\t\t\t<\/div>\r\n\t\t\t\t\t\t\t\r\n\t\t\t\t\t\t\t\t\t\t\t<\/div>\r\n\t\t\t\t\t\t\t\t\t\r\n\t\t\t\t\t<\/div>\r\n\t\t\t\t\t<div class=\"uael-separator-line uael-side-right\">\r\n\t\t\t\t\t\t<span><\/span>\r\n\t\t\t\t\t<\/div>\r\n\t\t\t\t<\/div>\r\n\t\t\t\t\t\t\t\t\t\t<\/div>\r\n\t\t\t\t\t\t\t\t\t\t<div class=\"uael-sub-heading elementor-inline-editing\" data-elementor-setting-key=\"sub_heading\" data-elementor-inline-editing-toolbar=\"advanced\" >tagenata<\/div>\r\n\t\t\t\r\n\t\t\t<h1 class=\"uael-heading\">\r\n\t\t\t\t\t\t\t\t\t\t<span class=\"uael-heading-text elementor-inline-editing uael-size--default\" data-elementor-setting-key=\"heading_title\" data-elementor-inline-editing-toolbar=\"basic\">Mapa do sitio web<\/span>\r\n\t\t\t\t\t\t\t<\/h1>\r\n\r\n\t\t\t\r\n\t\t\t\r\n\t\t\t\r\n\t\t\t\t\t\t<\/div>\r\n\t\t\t\t\t\t<\/div>\r\n\t\t\t\t<\/div>\r\n\t\t\t\t<\/div>\r\n\t\t<div class=\"elementor-element elementor-element-16e7c2b e-con-full elementor-hidden-mobile e-flex e-con e-child\" data-id=\"16e7c2b\" data-element_type=\"container\" data-settings=\"{&quot;_ob_use_container_extras&quot;:&quot;no&quot;,&quot;_ob_column_hoveranimator&quot;:&quot;no&quot;,&quot;_ob_glider_is_slider&quot;:&quot;no&quot;,&quot;_ob_column_has_pseudo&quot;:&quot;no&quot;}\">\r\n\t\t\t\t<div class=\"elementor-element elementor-element-f314629 ob-has-background-overlay elementor-widget elementor-widget-image\" data-id=\"f314629\" data-element_type=\"widget\" data-settings=\"{&quot;_ob_photomorph_use&quot;:&quot;no&quot;,&quot;_ob_widget_stalker_use&quot;:&quot;no&quot;,&quot;_ob_poopart_use&quot;:&quot;yes&quot;,&quot;_ob_shadough_use&quot;:&quot;no&quot;,&quot;_ob_allow_hoveranimator&quot;:&quot;no&quot;}\" data-widget_type=\"image.default\">\r\n\t\t\t\t\t\t<div class=\"elementor-widget-container\">\r\n\t\t\t\t\t\t\t\t\t\t\t\t\t\t\t<img fetchpriority=\"high\" decoding=\"async\" width=\"1200\" height=\"1200\" src=\"https:\/\/buscoformaciononline.com\/wp-content\/uploads\/2023\/07\/icon-tagenata-02.svg\" class=\"attachment-large size-large wp-image-829\" alt=\"Icono Tagen Ata\" \/>\t\t\t\t\t\t\t\t\t\t\t\t\t\t\t<\/div>\r\n\t\t\t\t<\/div>\r\n\t\t\t\t<\/div>\r\n\t\t\t\t\t<\/div>\r\n\t\t\t\t<\/div>\r\n\t\t<div class=\"elementor-element elementor-element-5ebe830 e-flex e-con-boxed e-con e-parent\" data-id=\"5ebe830\" data-element_type=\"container\" data-settings=\"{&quot;background_background&quot;:&quot;classic&quot;,&quot;_ob_use_container_extras&quot;:&quot;no&quot;,&quot;_ob_column_hoveranimator&quot;:&quot;no&quot;,&quot;_ob_glider_is_slider&quot;:&quot;no&quot;,&quot;_ob_column_has_pseudo&quot;:&quot;no&quot;}\">\r\n\t\t\t\t\t<div class=\"e-con-inner\">\r\n\t\t<div class=\"elementor-element elementor-element-27e1c0a e-con-full e-flex e-con e-child\" data-id=\"27e1c0a\" data-element_type=\"container\" data-settings=\"{&quot;background_background&quot;:&quot;classic&quot;,&quot;_ob_use_container_extras&quot;:&quot;no&quot;,&quot;_ob_column_hoveranimator&quot;:&quot;no&quot;,&quot;_ob_glider_is_slider&quot;:&quot;no&quot;,&quot;_ob_column_has_pseudo&quot;:&quot;no&quot;}\">\r\n\t\t\t\t<div class=\"elementor-element elementor-element-1a04b21 ob-has-background-overlay elementor-widget elementor-widget-shortcode\" data-id=\"1a04b21\" data-element_type=\"widget\" data-settings=\"{&quot;_ob_widget_stalker_use&quot;:&quot;no&quot;,&quot;_ob_poopart_use&quot;:&quot;yes&quot;,&quot;_ob_shadough_use&quot;:&quot;no&quot;,&quot;_ob_allow_hoveranimator&quot;:&quot;no&quot;}\" data-widget_type=\"shortcode.default\">\r\n\t\t\t\t\t\t<div class=\"elementor-widget-container\">\r\n\t\t\t\t\t\t\t<div class=\"elementor-shortcode\"><div class=\"wsp-container\"><ul class=\"wsp-pages-list\">\n<li class=\"page_item page-item-886 menu-item\"><a href=\"https:\/\/buscoformaciononline.com\/gl\/accesibilidade\/\" class=\"menu-link\">Accesibilidade<\/a><\/li>\n<li class=\"page_item page-item-384 menu-item\"><a href=\"https:\/\/buscoformaciononline.com\/gl\/\" class=\"menu-link\">buscoformaciononline<\/a><\/li>\n<li class=\"page_item page-item-786 menu-item\"><a href=\"https:\/\/buscoformaciononline.com\/gl\/tagenata\/\" class=\"menu-link\">Co\u00f1\u00e9cenos<\/a><\/li>\n<li class=\"page_item page-item-699 menu-item\"><a href=\"https:\/\/buscoformaciononline.com\/gl\/contacto\/\" class=\"menu-link\">Contacto<\/a><\/li>\n<li class=\"page_item page-item-1182 menu-item\"><a href=\"https:\/\/buscoformaciononline.com\/gl\/formacion-aulas-cemit-pontedeume-2\/\" class=\"menu-link\">Formaci\u00f3n aulas CEMIT Pontedeume<\/a><\/li>\n<li class=\"page_item page-item-893 menu-item\"><a href=\"https:\/\/buscoformaciononline.com\/gl\/mapa-do-sitio-web\/\" class=\"menu-link\">Mapa do sitio web<\/a><\/li>\n<li class=\"page_item page-item-874 menu-item\"><a href=\"https:\/\/buscoformaciononline.com\/gl\/politica-de-cookies\/\" class=\"menu-link\">Pol\u00edtica de cookies<\/a><\/li>\n<li class=\"page_item page-item-9 menu-item\"><a href=\"https:\/\/buscoformaciononline.com\/gl\/politica-de-privacidade\/\" class=\"menu-link\">Pol\u00edtica de privacidad e aviso legal<\/a><\/li>\n<li class=\"page_item page-item-839 menu-item\"><a href=\"https:\/\/buscoformaciononline.com\/gl\/servizos\/\" class=\"menu-link\">Servizos<\/a><\/li>\n<\/ul>\n<\/div><\/div>\r\n\t\t\t\t\t\t<\/div>\r\n\t\t\t\t<\/div>\r\n\t\t\t\t<\/div>\r\n\t\t<div class=\"elementor-element elementor-element-d4a4963 e-con-full e-flex e-con e-child\" data-id=\"d4a4963\" data-element_type=\"container\" data-settings=\"{&quot;background_background&quot;:&quot;classic&quot;,&quot;_ob_use_container_extras&quot;:&quot;no&quot;,&quot;_ob_column_hoveranimator&quot;:&quot;no&quot;,&quot;_ob_glider_is_slider&quot;:&quot;no&quot;,&quot;_ob_column_has_pseudo&quot;:&quot;no&quot;}\">\r\n\t\t\t\t<div class=\"elementor-element elementor-element-0f1abfc elementor-widget__width-inherit ob-has-background-overlay elementor-widget elementor-widget-image\" data-id=\"0f1abfc\" data-element_type=\"widget\" data-settings=\"{&quot;_ob_photomorph_use&quot;:&quot;no&quot;,&quot;_ob_widget_stalker_use&quot;:&quot;no&quot;,&quot;_ob_poopart_use&quot;:&quot;yes&quot;,&quot;_ob_shadough_use&quot;:&quot;no&quot;,&quot;_ob_allow_hoveranimator&quot;:&quot;no&quot;}\" data-widget_type=\"image.default\">\r\n\t\t\t\t\t\t<div class=\"elementor-widget-container\">\r\n\t\t\t\t\t\t\t\t\t\t\t\t\t\t\t<img decoding=\"async\" width=\"1200\" height=\"361\" src=\"https:\/\/buscoformaciononline.com\/wp-content\/uploads\/2023\/07\/logo_tagenata.svg\" class=\"attachment-large size-large wp-image-22\" alt=\"Logo Tagen Ata\" \/>\t\t\t\t\t\t\t\t\t\t\t\t\t\t\t<\/div>\r\n\t\t\t\t<\/div>\r\n\t\t\t\t<\/div>\r\n\t\t\t\t\t<\/div>\r\n\t\t\t\t<\/div>\r\n\t\t\t\t<\/div>\r\n\t\t","protected":false},"excerpt":{"rendered":"<p>tagenata Mapa do sitio web<\/p>\n","protected":false},"author":2,"featured_media":0,"parent":0,"menu_order":0,"comment_status":"closed","ping_status":"closed","template":"","meta":{"inline_featured_image":false,"site-sidebar-layout":"no-sidebar","site-content-layout":"page-builder","ast-site-content-layout":"default","site-content-style":"default","site-sidebar-style":"default","ast-global-header-display":"","ast-banner-title-visibility":"","ast-main-header-display":"","ast-hfb-above-header-display":"","ast-hfb-below-header-display":"","ast-hfb-mobile-header-display":"","site-post-title":"disabled","ast-breadcrumbs-content":"","ast-featured-img":"disabled","footer-sml-layout":"","theme-transparent-header-meta":"","adv-header-id-meta":"","stick-header-meta":"","header-above-stick-meta":"","header-main-stick-meta":"","header-below-stick-meta":"","astra-migrate-meta-layouts":"default","ast-page-background-enabled":"default","ast-page-background-meta":{"desktop":{"background-color":"","background-image":"","background-repeat":"repeat","background-position":"center center","background-size":"auto","background-attachment":"scroll","background-type":"","background-media":"","overlay-type":"","overlay-color":"","overlay-opacity":"","overlay-gradient":""},"tablet":{"background-color":"","background-image":"","background-repeat":"repeat","background-position":"center center","background-size":"auto","background-attachment":"scroll","background-type":"","background-media":"","overlay-type":"","overlay-color":"","overlay-opacity":"","overlay-gradient":""},"mobile":{"background-color":"","background-image":"","background-repeat":"repeat","background-position":"center center","background-size":"auto","background-attachment":"scroll","background-type":"","background-media":"","overlay-type":"","overlay-color":"","overlay-opacity":"","overlay-gradient":""}},"ast-content-background-meta":{"desktop":{"background-color":"var(--ast-global-color-5)","background-image":"","background-repeat":"repeat","background-position":"center center","background-size":"auto","background-attachment":"scroll","background-type":"","background-media":"","overlay-type":"","overlay-color":"","overlay-opacity":"","overlay-gradient":""},"tablet":{"background-color":"var(--ast-global-color-5)","background-image":"","background-repeat":"repeat","background-position":"center center","background-size":"auto","background-attachment":"scroll","background-type":"","background-media":"","overlay-type":"","overlay-color":"","overlay-opacity":"","overlay-gradient":""},"mobile":{"background-color":"var(--ast-global-color-5)","background-image":"","background-repeat":"repeat","background-position":"center center","background-size":"auto","background-attachment":"scroll","background-type":"","background-media":"","overlay-type":"","overlay-color":"","overlay-opacity":"","overlay-gradient":""}},"footnotes":""},"class_list":["post-893","page","type-page","status-publish","hentry"],"yoast_head":"<!-- This site is optimized with the Yoast SEO plugin v26.0 - https:\/\/yoast.com\/wordpress\/plugins\/seo\/ -->\n<title>Mapa do sitio web - Tagen Ata<\/title>\n<meta name=\"robots\" content=\"noindex, follow\" \/>\n<meta property=\"og:locale\" content=\"gl_ES\" \/>\n<meta property=\"og:type\" content=\"article\" \/>\n<meta property=\"og:title\" content=\"Mapa do sitio web - Tagen Ata\" \/>\n<meta property=\"og:description\" content=\"tagenata Mapa do sitio web\" \/>\n<meta property=\"og:url\" content=\"https:\/\/buscoformaciononline.com\/mapa-do-sitio-web\/\" \/>\n<meta property=\"og:site_name\" content=\"buscoformaciononline\" \/>\n<meta property=\"article:modified_time\" content=\"2023-07-10T19:52:42+00:00\" \/>\n<meta property=\"og:image\" content=\"https:\/\/buscoformaciononline.com\/wp-content\/uploads\/2023\/07\/icon-tagenata-02.svg\" \/>\n<meta name=\"twitter:card\" content=\"summary_large_image\" \/>\n<meta name=\"twitter:label1\" content=\"Tempo de lectura\" \/>\n\t<meta name=\"twitter:data1\" content=\"1 minuto\" \/>\n<script type=\"application\/ld+json\" class=\"yoast-schema-graph\">{\"@context\":\"https:\/\/schema.org\",\"@graph\":[{\"@type\":\"WebPage\",\"@id\":\"https:\/\/buscoformaciononline.com\/mapa-do-sitio-web\/\",\"url\":\"https:\/\/buscoformaciononline.com\/mapa-do-sitio-web\/\",\"name\":\"Mapa do sitio web - Tagen Ata\",\"isPartOf\":{\"@id\":\"https:\/\/buscoformaciononline.com\/#website\"},\"primaryImageOfPage\":{\"@id\":\"https:\/\/buscoformaciononline.com\/mapa-do-sitio-web\/#primaryimage\"},\"image\":{\"@id\":\"https:\/\/buscoformaciononline.com\/mapa-do-sitio-web\/#primaryimage\"},\"thumbnailUrl\":\"https:\/\/buscoformaciononline.com\/wp-content\/uploads\/2023\/07\/icon-tagenata-02.svg\",\"datePublished\":\"2023-07-07T20:27:10+00:00\",\"dateModified\":\"2023-07-10T19:52:42+00:00\",\"breadcrumb\":{\"@id\":\"https:\/\/buscoformaciononline.com\/mapa-do-sitio-web\/#breadcrumb\"},\"inLanguage\":\"gl-ES\",\"potentialAction\":[{\"@type\":\"ReadAction\",\"target\":[\"https:\/\/buscoformaciononline.com\/mapa-do-sitio-web\/\"]}]},{\"@type\":\"ImageObject\",\"inLanguage\":\"gl-ES\",\"@id\":\"https:\/\/buscoformaciononline.com\/mapa-do-sitio-web\/#primaryimage\",\"url\":\"https:\/\/buscoformaciononline.com\/wp-content\/uploads\/2023\/07\/icon-tagenata-02.svg\",\"contentUrl\":\"https:\/\/buscoformaciononline.com\/wp-content\/uploads\/2023\/07\/icon-tagenata-02.svg\"},{\"@type\":\"BreadcrumbList\",\"@id\":\"https:\/\/buscoformaciononline.com\/mapa-do-sitio-web\/#breadcrumb\",\"itemListElement\":[{\"@type\":\"ListItem\",\"position\":1,\"name\":\"Inicio\",\"item\":\"https:\/\/buscoformaciononline.com\/\"},{\"@type\":\"ListItem\",\"position\":2,\"name\":\"Mapa do sitio web\"}]},{\"@type\":\"WebSite\",\"@id\":\"https:\/\/buscoformaciononline.com\/#website\",\"url\":\"https:\/\/buscoformaciononline.com\/\",\"name\":\"Busco formaci\u00f3n on-line\",\"description\":\"Achegamos co\u00f1ecemento a trav\u00e9s da tecnolox\u00eda\",\"publisher\":{\"@id\":\"https:\/\/buscoformaciononline.com\/#organization\"},\"potentialAction\":[{\"@type\":\"SearchAction\",\"target\":{\"@type\":\"EntryPoint\",\"urlTemplate\":\"https:\/\/buscoformaciononline.com\/?s={search_term_string}\"},\"query-input\":{\"@type\":\"PropertyValueSpecification\",\"valueRequired\":true,\"valueName\":\"search_term_string\"}}],\"inLanguage\":\"gl-ES\"},{\"@type\":\"Organization\",\"@id\":\"https:\/\/buscoformaciononline.com\/#organization\",\"name\":\"Busco formaci\u00f3n on-line\",\"url\":\"https:\/\/buscoformaciononline.com\/\",\"logo\":{\"@type\":\"ImageObject\",\"inLanguage\":\"gl-ES\",\"@id\":\"https:\/\/buscoformaciononline.com\/#\/schema\/logo\/image\/\",\"url\":\"https:\/\/buscoformaciononline.com\/wp-content\/uploads\/2023\/07\/logo_tagenata.svg\",\"contentUrl\":\"https:\/\/buscoformaciononline.com\/wp-content\/uploads\/2023\/07\/logo_tagenata.svg\",\"width\":200,\"height\":60,\"caption\":\"Busco formaci\u00f3n on-line\"},\"image\":{\"@id\":\"https:\/\/buscoformaciononline.com\/#\/schema\/logo\/image\/\"}}]}<\/script>\n<!-- \/ Yoast SEO plugin. -->","yoast_head_json":{"title":"Mapa do sitio web - Tagen Ata","robots":{"index":"noindex","follow":"follow"},"og_locale":"gl_ES","og_type":"article","og_title":"Mapa do sitio web - Tagen Ata","og_description":"tagenata Mapa do sitio web","og_url":"https:\/\/buscoformaciononline.com\/mapa-do-sitio-web\/","og_site_name":"buscoformaciononline","article_modified_time":"2023-07-10T19:52:42+00:00","og_image":[{"url":"https:\/\/buscoformaciononline.com\/wp-content\/uploads\/2023\/07\/icon-tagenata-02.svg","type":"","width":"","height":""}],"twitter_card":"summary_large_image","twitter_misc":{"Tempo de lectura":"1 minuto"},"schema":{"@context":"https:\/\/schema.org","@graph":[{"@type":"WebPage","@id":"https:\/\/buscoformaciononline.com\/mapa-do-sitio-web\/","url":"https:\/\/buscoformaciononline.com\/mapa-do-sitio-web\/","name":"Mapa do sitio web - Tagen Ata","isPartOf":{"@id":"https:\/\/buscoformaciononline.com\/#website"},"primaryImageOfPage":{"@id":"https:\/\/buscoformaciononline.com\/mapa-do-sitio-web\/#primaryimage"},"image":{"@id":"https:\/\/buscoformaciononline.com\/mapa-do-sitio-web\/#primaryimage"},"thumbnailUrl":"https:\/\/buscoformaciononline.com\/wp-content\/uploads\/2023\/07\/icon-tagenata-02.svg","datePublished":"2023-07-07T20:27:10+00:00","dateModified":"2023-07-10T19:52:42+00:00","breadcrumb":{"@id":"https:\/\/buscoformaciononline.com\/mapa-do-sitio-web\/#breadcrumb"},"inLanguage":"gl-ES","potentialAction":[{"@type":"ReadAction","target":["https:\/\/buscoformaciononline.com\/mapa-do-sitio-web\/"]}]},{"@type":"ImageObject","inLanguage":"gl-ES","@id":"https:\/\/buscoformaciononline.com\/mapa-do-sitio-web\/#primaryimage","url":"https:\/\/buscoformaciononline.com\/wp-content\/uploads\/2023\/07\/icon-tagenata-02.svg","contentUrl":"https:\/\/buscoformaciononline.com\/wp-content\/uploads\/2023\/07\/icon-tagenata-02.svg"},{"@type":"BreadcrumbList","@id":"https:\/\/buscoformaciononline.com\/mapa-do-sitio-web\/#breadcrumb","itemListElement":[{"@type":"ListItem","position":1,"name":"Inicio","item":"https:\/\/buscoformaciononline.com\/"},{"@type":"ListItem","position":2,"name":"Mapa do sitio web"}]},{"@type":"WebSite","@id":"https:\/\/buscoformaciononline.com\/#website","url":"https:\/\/buscoformaciononline.com\/","name":"Busco formaci\u00f3n on-line","description":"Achegamos co\u00f1ecemento a trav\u00e9s da tecnolox\u00eda","publisher":{"@id":"https:\/\/buscoformaciononline.com\/#organization"},"potentialAction":[{"@type":"SearchAction","target":{"@type":"EntryPoint","urlTemplate":"https:\/\/buscoformaciononline.com\/?s={search_term_string}"},"query-input":{"@type":"PropertyValueSpecification","valueRequired":true,"valueName":"search_term_string"}}],"inLanguage":"gl-ES"},{"@type":"Organization","@id":"https:\/\/buscoformaciononline.com\/#organization","name":"Busco formaci\u00f3n on-line","url":"https:\/\/buscoformaciononline.com\/","logo":{"@type":"ImageObject","inLanguage":"gl-ES","@id":"https:\/\/buscoformaciononline.com\/#\/schema\/logo\/image\/","url":"https:\/\/buscoformaciononline.com\/wp-content\/uploads\/2023\/07\/logo_tagenata.svg","contentUrl":"https:\/\/buscoformaciononline.com\/wp-content\/uploads\/2023\/07\/logo_tagenata.svg","width":200,"height":60,"caption":"Busco formaci\u00f3n on-line"},"image":{"@id":"https:\/\/buscoformaciononline.com\/#\/schema\/logo\/image\/"}}]}},"_links":{"self":[{"href":"https:\/\/buscoformaciononline.com\/gl\/wp-json\/wp\/v2\/pages\/893","targetHints":{"allow":["GET"]}}],"collection":[{"href":"https:\/\/buscoformaciononline.com\/gl\/wp-json\/wp\/v2\/pages"}],"about":[{"href":"https:\/\/buscoformaciononline.com\/gl\/wp-json\/wp\/v2\/types\/page"}],"author":[{"embeddable":true,"href":"https:\/\/buscoformaciononline.com\/gl\/wp-json\/wp\/v2\/users\/2"}],"replies":[{"embeddable":true,"href":"https:\/\/buscoformaciononline.com\/gl\/wp-json\/wp\/v2\/comments?post=893"}],"version-history":[{"count":10,"href":"https:\/\/buscoformaciononline.com\/gl\/wp-json\/wp\/v2\/pages\/893\/revisions"}],"predecessor-version":[{"id":1025,"href":"https:\/\/buscoformaciononline.com\/gl\/wp-json\/wp\/v2\/pages\/893\/revisions\/1025"}],"wp:attachment":[{"href":"https:\/\/buscoformaciononline.com\/gl\/wp-json\/wp\/v2\/media?parent=893"}],"curies":[{"name":"wp","href":"https:\/\/api.w.org\/{rel}","templated":true}]}}