{"id":886,"date":"2023-07-07T20:24:08","date_gmt":"2023-07-07T20:24:08","guid":{"rendered":"https:\/\/buscoformaciononline.com\/?page_id=886"},"modified":"2023-07-12T08:04:20","modified_gmt":"2023-07-12T08:04:20","slug":"accesibilidade","status":"publish","type":"page","link":"https:\/\/buscoformaciononline.com\/gl\/accesibilidade\/","title":{"rendered":"Accesibilidade"},"content":{"rendered":"\t\t<div data-elementor-type=\"wp-page\" data-elementor-id=\"886\" class=\"elementor elementor-886\">\r\n\t\t\t\t<div class=\"elementor-element elementor-element-682daf8 e-flex e-con-boxed e-con e-parent\" data-id=\"682daf8\" data-element_type=\"container\" data-settings=\"{&quot;background_background&quot;:&quot;classic&quot;,&quot;_ob_use_container_extras&quot;:&quot;no&quot;,&quot;_ob_column_hoveranimator&quot;:&quot;no&quot;,&quot;_ob_glider_is_slider&quot;:&quot;no&quot;,&quot;_ob_column_has_pseudo&quot;:&quot;no&quot;}\">\r\n\t\t\t\t\t<div class=\"e-con-inner\">\r\n\t\t<div class=\"elementor-element elementor-element-e224e56 e-con-full e-flex e-con e-child\" data-id=\"e224e56\" data-element_type=\"container\" data-settings=\"{&quot;_ob_use_container_extras&quot;:&quot;no&quot;,&quot;_ob_column_hoveranimator&quot;:&quot;no&quot;,&quot;_ob_glider_is_slider&quot;:&quot;no&quot;,&quot;_ob_column_has_pseudo&quot;:&quot;no&quot;}\">\r\n\t\t\t\t<div class=\"elementor-element elementor-element-af04084 uael-heading-align-left uael-mobile-heading-align-center ob-has-background-overlay elementor-widget elementor-widget-uael-advanced-heading\" data-id=\"af04084\" data-element_type=\"widget\" data-settings=\"{&quot;_ob_widget_stalker_use&quot;:&quot;no&quot;,&quot;_ob_poopart_use&quot;:&quot;yes&quot;,&quot;_ob_shadough_use&quot;:&quot;no&quot;,&quot;_ob_allow_hoveranimator&quot;:&quot;no&quot;}\" data-widget_type=\"uael-advanced-heading.default\">\r\n\t\t\t\t\t\t<div class=\"elementor-widget-container\">\r\n\t\t\t\t\t\r\n\t\t<div class=\"uael-module-content uael-heading-wrapper\">\r\n\t\t\t\t\t\t<div class=\"uael-module-content uael-separator-parent\">\r\n\t\t\t\t\t\t\t\t<div class=\"uael-separator-wrap\">\r\n\t\t\t\t\t<div class=\"uael-separator-line uael-side-left\">\r\n\t\t\t\t\t\t<span><\/span>\r\n\t\t\t\t\t<\/div>\r\n\t\t\t\t\t<div class=\"uael-divider-content\">\r\n\t\t\t\t\t\t\t\t\t<div class=\"uael-module-content uael-imgicon-wrap elementor-animation-\">\t\t\t\t\t\t\t\t\t\t\t\t\t\t\t<div class=\"uael-icon-wrap\">\r\n\t\t\t\t\t\t\t\t<span class=\"uael-icon\">\r\n\t\t\t\t\t\t\t\t\t<svg xmlns:dc=\"http:\/\/purl.org\/dc\/elements\/1.1\/\" xmlns:cc=\"http:\/\/creativecommons.org\/ns#\" xmlns:rdf=\"http:\/\/www.w3.org\/1999\/02\/22-rdf-syntax-ns#\" xmlns:svg=\"http:\/\/www.w3.org\/2000\/svg\" xmlns=\"http:\/\/www.w3.org\/2000\/svg\" xmlns:sodipodi=\"http:\/\/sodipodi.sourceforge.net\/DTD\/sodipodi-0.dtd\" xmlns:inkscape=\"http:\/\/www.inkscape.org\/namespaces\/inkscape\" width=\"74mm\" height=\"46mm\" viewBox=\"0 0 262.20471 162.9921\" id=\"svg5424\" inkscape:version=\"0.91 r13725\" sodipodi:docname=\"isotipo_tagenata_2_cores.svg\" inkscape:export-filename=\"\/home\/sonia\/WORKS\/IMAXE CORPORATIVA TAGENATA\/LOGOTIPOS DEF\/isotipo_tagenata\/isotipo_tagenata_2_cores.pdf.png\" inkscape:export-xdpi=\"90\" inkscape:export-ydpi=\"90\"><defs id=\"defs5426\"><\/defs><metadata><\/metadata><g inkscape:label=\"Layer 1\" inkscape:groupmode=\"layer\" id=\"layer1\" transform=\"translate(0,-889.3701)\"><g id=\"g103-3-0\" transform=\"matrix(2.1901816,0,0,2.1901816,-514.57084,85.76723)\"><path id=\"path105-6-7\" d=\"m 328.532,368.513 c -20.271,0 -27.19,2.147 -27.19,20.999 l 0,8.82 29.095,0 c 14.315,0 20.99,-5.735 20.99,-14.548 -0.001,-8.118 -6.443,-15.271 -22.895,-15.271 z\" inkscape:connector-curvature=\"0\" style=\"fill:#0075c9\"><\/path><path id=\"path107-1-8\" d=\"m 271.369,410.16 c 14.885,0 22.518,-9.421 22.518,-20.484 0,-12.012 -9.004,-21.163 -24.438,-21.163 -0.839,0 -1.66,0.009 -2.472,0.021 l -28.797,0 0,0.787 0,6.195 0,41.055 c 0,17.08 11.749,22.801 28.815,22.801 10.375,0 18.02,-2.727 23.345,-10.098 l -10.92,-8.322 c -2.451,3.954 -5.866,5.316 -13.104,5.316 -9.977,0 -14.201,-2.326 -14.201,-8.874 l 0,-7.233 19.254,0 z m 9.42,-19.803 c 0,5.049 -3.819,8.336 -12.021,8.336 l -16.652,0 0,-5.059 c 0,-10.788 3.957,-12.022 15.569,-12.022 9.417,0 13.104,4.099 13.104,8.745 z\" inkscape:connector-curvature=\"0\" style=\"fill:#a4a9ad\"><\/path><\/g><\/g><\/svg>\r\n\t\t\t\t\t\t\t\t<\/span>\r\n\t\t\t\t\t\t\t<\/div>\r\n\t\t\t\t\t\t\t\r\n\t\t\t\t\t\t\t\t\t\t\t<\/div>\r\n\t\t\t\t\t\t\t\t\t\r\n\t\t\t\t\t<\/div>\r\n\t\t\t\t\t<div class=\"uael-separator-line uael-side-right\">\r\n\t\t\t\t\t\t<span><\/span>\r\n\t\t\t\t\t<\/div>\r\n\t\t\t\t<\/div>\r\n\t\t\t\t\t\t\t\t\t\t<\/div>\r\n\t\t\t\t\t\t\t\t\t\t<div class=\"uael-sub-heading elementor-inline-editing\" data-elementor-setting-key=\"sub_heading\" data-elementor-inline-editing-toolbar=\"advanced\" >Tagen Ata<\/div>\r\n\t\t\t\r\n\t\t\t<h1 class=\"uael-heading\">\r\n\t\t\t\t\t\t\t\t\t\t<span class=\"uael-heading-text elementor-inline-editing uael-size--default\" data-elementor-setting-key=\"heading_title\" data-elementor-inline-editing-toolbar=\"basic\">Declaraci\u00f3n de accesibilidade<\/span>\r\n\t\t\t\t\t\t\t<\/h1>\r\n\r\n\t\t\t\r\n\t\t\t\r\n\t\t\t\r\n\t\t\t\t\t\t<\/div>\r\n\t\t\t\t\t\t<\/div>\r\n\t\t\t\t<\/div>\r\n\t\t\t\t<\/div>\r\n\t\t<div class=\"elementor-element elementor-element-16e7c2b e-con-full elementor-hidden-mobile e-flex e-con e-child\" data-id=\"16e7c2b\" data-element_type=\"container\" data-settings=\"{&quot;_ob_use_container_extras&quot;:&quot;no&quot;,&quot;_ob_column_hoveranimator&quot;:&quot;no&quot;,&quot;_ob_glider_is_slider&quot;:&quot;no&quot;,&quot;_ob_column_has_pseudo&quot;:&quot;no&quot;}\">\r\n\t\t\t\t<div class=\"elementor-element elementor-element-f314629 ob-has-background-overlay elementor-widget elementor-widget-image\" data-id=\"f314629\" data-element_type=\"widget\" data-settings=\"{&quot;_ob_photomorph_use&quot;:&quot;no&quot;,&quot;_ob_widget_stalker_use&quot;:&quot;no&quot;,&quot;_ob_poopart_use&quot;:&quot;yes&quot;,&quot;_ob_shadough_use&quot;:&quot;no&quot;,&quot;_ob_allow_hoveranimator&quot;:&quot;no&quot;}\" data-widget_type=\"image.default\">\r\n\t\t\t\t\t\t<div class=\"elementor-widget-container\">\r\n\t\t\t\t\t\t\t\t\t\t\t\t\t\t\t<img fetchpriority=\"high\" decoding=\"async\" width=\"1920\" height=\"1920\" src=\"https:\/\/buscoformaciononline.com\/wp-content\/uploads\/2023\/07\/icon-tagenata-02.svg\" class=\"attachment-large size-large wp-image-829\" alt=\"Icono Tagen Ata\" \/>\t\t\t\t\t\t\t\t\t\t\t\t\t\t\t<\/div>\r\n\t\t\t\t<\/div>\r\n\t\t\t\t<\/div>\r\n\t\t\t\t\t<\/div>\r\n\t\t\t\t<\/div>\r\n\t\t<div class=\"elementor-element elementor-element-5ebe830 e-flex e-con-boxed e-con e-parent\" data-id=\"5ebe830\" data-element_type=\"container\" data-settings=\"{&quot;background_background&quot;:&quot;classic&quot;,&quot;_ob_use_container_extras&quot;:&quot;no&quot;,&quot;_ob_column_hoveranimator&quot;:&quot;no&quot;,&quot;_ob_glider_is_slider&quot;:&quot;no&quot;,&quot;_ob_column_has_pseudo&quot;:&quot;no&quot;}\">\r\n\t\t\t\t\t<div class=\"e-con-inner\">\r\n\t\t\t\t<div class=\"elementor-element elementor-element-cfd9eae ob-harakiri-inherit ob-has-background-overlay elementor-widget elementor-widget-text-editor\" data-id=\"cfd9eae\" data-element_type=\"widget\" data-settings=\"{&quot;_ob_use_harakiri&quot;:&quot;yes&quot;,&quot;_ob_harakiri_writing_mode&quot;:&quot;inherit&quot;,&quot;_ob_postman_use&quot;:&quot;no&quot;,&quot;_ob_widget_stalker_use&quot;:&quot;no&quot;,&quot;_ob_poopart_use&quot;:&quot;yes&quot;,&quot;_ob_shadough_use&quot;:&quot;no&quot;,&quot;_ob_allow_hoveranimator&quot;:&quot;no&quot;}\" data-widget_type=\"text-editor.default\">\r\n\t\t\t\t\t\t<div class=\"elementor-widget-container\">\r\n\t\t\t\t\t\t\t\t\t<p>De acordo co noso compromiso social, Tagen Ata comprom\u00e9tese a favorecer a accesibilidade do noso sitio (www.buscoformaciononline.com) para todas as persoas, independentemente da s\u00faa condici\u00f3n f\u00edsica ou intelectual. Por este motivo, o portal do grupo foi dese\u00f1ado seguindo as Directrices Internacionais de Accesibilidade de Contidos Web WCAG 2.1 do World Wide Web Consortium (W3C) no nivel AA (Dobre-A):<\/p><ul><li>Alg\u00fans compo\u00f1entes que se usan para indicar visualmente os elementos seleccionados (pestanas seleccionadas, p\u00e1xina seleccionada en paxinaci\u00f3ns, etc.) ao navegar con alto contraste, s\u00f3 se mostran no navegador Edge (a navegaci\u00f3n con alto contraste en Chrome e Firefox non se amosa por motivos espec\u00edficos). caracter\u00edsticas dos compo\u00f1entes e destes navegadores).<\/li><li>Moi ocasionalmente, alg\u00fans contidos se solapan ao aumentar o tama\u00f1o do texto ao 200 %<\/li><\/ul><p><span style=\"text-decoration: underline;\"><strong>Medidas adoptadas<\/strong><\/span><\/p><p><strong>Separaci\u00f3n de contido e presentaci\u00f3n.<\/strong><\/p><ul><li>As follas de estilo (CSS) util\u00edzanse para presentar a informaci\u00f3n e o c\u00f3digo HTML para unha estruturaci\u00f3n de contido v\u00e1lida.<\/li><li>Os elementos visuais do sitio web como o tipo de letra, a cor e o fondo def\u00ednense en follas de estilo para que poidas axustar o contido en funci\u00f3n das t\u00faas preferencias.<\/li><\/ul><p><strong>Aumentar e diminu\u00edr o tama\u00f1o do texto<\/strong><\/p><p>O tama\u00f1o da letra definiuse en unidades relativas para que o seu tama\u00f1o se poida aumentar ou diminu\u00edr dende as opci\u00f3ns do navegador ou a trav\u00e9s da opci\u00f3n \u201cAccesibilidade\u201d dispo\u00f1ible na web, que permite, entre outras:<\/p><ul><li>aumentar o texto<\/li><li>diminu\u00edr o texto<\/li><li>Escala de grises<\/li><li>Alto contraste<\/li><li>contraste negativo<\/li><li>fondo claro<\/li><li>subli\u00f1a as ligaz\u00f3ns<\/li><li>tipo de letra lexible por humanos<\/li><li>restablecer as preferencias<\/li><li>Visita o mapa do sitio<\/li><\/ul><p><strong>Xerarqu\u00eda de contidos<\/strong><\/p><ul><li>A arquitectura de contidos definiuse seguindo as directrices do W3C, ofrecendo sempre a marcaxe adecuada para cada tipo de contido.<\/li><li>O usuario poder\u00e1 ler perfectamente a informaci\u00f3n cun lector de pantalla. Baixo este obxectivo defin\u00edronse a trav\u00e9s do c\u00f3digo HTML as cabeceiras de secci\u00f3n, as listas e todos os elementos que axudan \u00e1 comprensi\u00f3n xeral da web.<\/li><\/ul><p><strong>Contraste<\/strong><\/p><ul><li>A partir da imaxe corporativa de Tagen Ata, definiuse e contrastouse a tipograf\u00eda e as cores utilizadas neste portal, garantindo que a informaci\u00f3n se presenta con claridade independentemente das ditas condici\u00f3ns.<\/li><li>A web est\u00e1 dese\u00f1ada para que os usuarios poidan navegar con alto contraste que permita distinguir os men\u00fas, ligaz\u00f3ns, imaxes e contidos xerais.<\/li><li>Grazas ao bot\u00f3n \u201cAccesibilidade\u201d podemos mellorar o contraste en elementos que non sexan de texto.<\/li><\/ul><p><strong>Navegaci\u00f3n e funcionalidade accesibles mediante o teclado<\/strong><\/p><ul><li>O sitio \u00e9 accesible e funcional a trav\u00e9s do teclado do ordenador, mediante a pestana \u00e9 posible posicionarse en calquera elemento presente nas diferentes p\u00e1xinas.<\/li><li>O usuario poder\u00e1 situarse no elemento seleccionado e premendo \u201cEnter\u201d no seu teclado poder\u00e1 realizar a mesma acci\u00f3n que se premese co bot\u00f3n esquerdo do rato.<\/li><\/ul><p><strong>Ligaz\u00f3ns<\/strong><\/p><ul><li>A maior\u00eda das ligaz\u00f3ns configur\u00e1ronse en funci\u00f3n do seu destino, facilitando ao usuario os mecanismos precisos que favorezan a informaci\u00f3n e a boa navegabilidade pola web.<\/li><\/ul><p><strong>Formularios<\/strong><\/p><ul><li>Os campos do formulario de contacto e emprego foron dese\u00f1ados de forma que a navegabilidade polos campos siga sempre unha orde de tabulaci\u00f3n l\u00f3xica.<\/li><li>Proporcion\u00e1ronse as etiquetas pertinentes para facilitar a comprensi\u00f3n dos datos.<\/li><\/ul><p><strong>Visualizaci\u00f3n dos contidos en diferentes tipos de navegadores<\/strong><\/p><ul><li>Se o usuario accede ao sitio web a trav\u00e9s dun navegador que non admite CSS, o marcado empregado permite unha correcta visualizaci\u00f3n de todos os contidos.<\/li><\/ul><p><strong>Tecnolox\u00edas utilizadas no desenvolvemento web<\/strong><\/p><ul><li>Cumprimento dos est\u00e1ndares de accesibilidade das WCAG (Web Content Accessibility Guidelines) do W3C (World Wide Web Consortium), no seu nivel intermedio (AA). Web 2.1 Directrices de contidos accesibles.<\/li><li>A presentaci\u00f3n bas\u00e9ase na Recomendaci\u00f3n do W3C sobre follas de estilo en cascada, versi\u00f3n CSS3.<\/li><li>Utilizamos o est\u00e1ndar recomendado no uso de c\u00f3digo HTML5, benefici\u00e1ndonos das novas actualizaci\u00f3ns inclu\u00eddas nesta versi\u00f3n, como etiquetaxe m\u00e1is sem\u00e1ntica, sintaxe flexible, etiquetas novas que facilitan a comprensi\u00f3n dos formularios.<\/li><\/ul><p><strong>Excepci\u00f3ns<\/strong><\/p><p>No caso dos formularios, inclu\u00eddos na secci\u00f3n de contacto, util\u00edzase a tecnolox\u00eda ReCaptcha (Google Inc.) para previr futuros problemas de \u201cspam\u201d que se poidan producir. Pero neste caso, hai un erro coa \u201ctextarea\u201d que se est\u00e1 a utilizar e \u00e1 que non temos acceso como provedor externo. Erro que se utilizar\u00eda definindo o aria-labelledby relevante.<\/p><p><strong>Observaci\u00f3ns e informaci\u00f3n de contacto<\/strong><\/p><p>Se viches neste portal alg\u00fan contido que non sexa accesible, ou se tes algunha d\u00fabida ou suxesti\u00f3n sobre a accesibilidade, non dubides en po\u00f1erte en contacto connosco.<\/p>\t\t\t\t\t\t\t\t<\/div>\r\n\t\t\t\t<\/div>\r\n\t\t\t\t\t<\/div>\r\n\t\t\t\t<\/div>\r\n\t\t\t\t<\/div>\r\n\t\t","protected":false},"excerpt":{"rendered":"<p>Tagen Ata Declaraci\u00f3n de accesibilidade De acordo co noso compromiso social, Tagen Ata comprom\u00e9tese a favorecer a accesibilidade do noso sitio (www.buscoformaciononline.com) para todas as persoas, independentemente da s\u00faa condici\u00f3n f\u00edsica ou intelectual. Por este motivo, o portal do grupo foi dese\u00f1ado seguindo as Directrices Internacionais de Accesibilidade de Contidos Web WCAG 2.1 do World [&hellip;]<\/p>\n","protected":false},"author":2,"featured_media":0,"parent":0,"menu_order":0,"comment_status":"closed","ping_status":"closed","template":"","meta":{"inline_featured_image":false,"site-sidebar-layout":"no-sidebar","site-content-layout":"page-builder","ast-site-content-layout":"default","site-content-style":"default","site-sidebar-style":"default","ast-global-header-display":"","ast-banner-title-visibility":"","ast-main-header-display":"","ast-hfb-above-header-display":"","ast-hfb-below-header-display":"","ast-hfb-mobile-header-display":"","site-post-title":"disabled","ast-breadcrumbs-content":"","ast-featured-img":"disabled","footer-sml-layout":"","theme-transparent-header-meta":"","adv-header-id-meta":"","stick-header-meta":"","header-above-stick-meta":"","header-main-stick-meta":"","header-below-stick-meta":"","astra-migrate-meta-layouts":"default","ast-page-background-enabled":"default","ast-page-background-meta":{"desktop":{"background-color":"","background-image":"","background-repeat":"repeat","background-position":"center center","background-size":"auto","background-attachment":"scroll","background-type":"","background-media":"","overlay-type":"","overlay-color":"","overlay-opacity":"","overlay-gradient":""},"tablet":{"background-color":"","background-image":"","background-repeat":"repeat","background-position":"center center","background-size":"auto","background-attachment":"scroll","background-type":"","background-media":"","overlay-type":"","overlay-color":"","overlay-opacity":"","overlay-gradient":""},"mobile":{"background-color":"","background-image":"","background-repeat":"repeat","background-position":"center center","background-size":"auto","background-attachment":"scroll","background-type":"","background-media":"","overlay-type":"","overlay-color":"","overlay-opacity":"","overlay-gradient":""}},"ast-content-background-meta":{"desktop":{"background-color":"var(--ast-global-color-5)","background-image":"","background-repeat":"repeat","background-position":"center center","background-size":"auto","background-attachment":"scroll","background-type":"","background-media":"","overlay-type":"","overlay-color":"","overlay-opacity":"","overlay-gradient":""},"tablet":{"background-color":"var(--ast-global-color-5)","background-image":"","background-repeat":"repeat","background-position":"center center","background-size":"auto","background-attachment":"scroll","background-type":"","background-media":"","overlay-type":"","overlay-color":"","overlay-opacity":"","overlay-gradient":""},"mobile":{"background-color":"var(--ast-global-color-5)","background-image":"","background-repeat":"repeat","background-position":"center center","background-size":"auto","background-attachment":"scroll","background-type":"","background-media":"","overlay-type":"","overlay-color":"","overlay-opacity":"","overlay-gradient":""}},"footnotes":""},"class_list":["post-886","page","type-page","status-publish","hentry"],"yoast_head":"<!-- This site is optimized with the Yoast SEO plugin v26.0 - https:\/\/yoast.com\/wordpress\/plugins\/seo\/ -->\n<title>Accesibilidade - Tagen Ata<\/title>\n<meta name=\"robots\" content=\"noindex, follow\" \/>\n<meta property=\"og:locale\" content=\"gl_ES\" \/>\n<meta property=\"og:type\" content=\"article\" \/>\n<meta property=\"og:title\" content=\"Accesibilidade - Tagen Ata\" \/>\n<meta property=\"og:description\" content=\"Tagen Ata Declaraci\u00f3n de accesibilidade De acordo co noso compromiso social, Tagen Ata comprom\u00e9tese a favorecer a accesibilidade do noso sitio (www.buscoformaciononline.com) para todas as persoas, independentemente da s\u00faa condici\u00f3n f\u00edsica ou intelectual. Por este motivo, o portal do grupo foi dese\u00f1ado seguindo as Directrices Internacionais de Accesibilidade de Contidos Web WCAG 2.1 do World [&hellip;]\" \/>\n<meta property=\"og:url\" content=\"https:\/\/buscoformaciononline.com\/accesibilidade\/\" \/>\n<meta property=\"og:site_name\" content=\"buscoformaciononline\" \/>\n<meta property=\"article:modified_time\" content=\"2023-07-12T08:04:20+00:00\" \/>\n<meta property=\"og:image\" content=\"https:\/\/buscoformaciononline.com\/wp-content\/uploads\/2023\/07\/icon-tagenata-02.svg\" \/>\n<meta name=\"twitter:card\" content=\"summary_large_image\" \/>\n<meta name=\"twitter:label1\" content=\"Tempo de lectura\" \/>\n\t<meta name=\"twitter:data1\" content=\"4 minutos\" \/>\n<script type=\"application\/ld+json\" class=\"yoast-schema-graph\">{\"@context\":\"https:\/\/schema.org\",\"@graph\":[{\"@type\":\"WebPage\",\"@id\":\"https:\/\/buscoformaciononline.com\/accesibilidade\/\",\"url\":\"https:\/\/buscoformaciononline.com\/accesibilidade\/\",\"name\":\"Accesibilidade - Tagen Ata\",\"isPartOf\":{\"@id\":\"https:\/\/buscoformaciononline.com\/#website\"},\"primaryImageOfPage\":{\"@id\":\"https:\/\/buscoformaciononline.com\/accesibilidade\/#primaryimage\"},\"image\":{\"@id\":\"https:\/\/buscoformaciononline.com\/accesibilidade\/#primaryimage\"},\"thumbnailUrl\":\"https:\/\/buscoformaciononline.com\/wp-content\/uploads\/2023\/07\/icon-tagenata-02.svg\",\"datePublished\":\"2023-07-07T20:24:08+00:00\",\"dateModified\":\"2023-07-12T08:04:20+00:00\",\"breadcrumb\":{\"@id\":\"https:\/\/buscoformaciononline.com\/accesibilidade\/#breadcrumb\"},\"inLanguage\":\"gl-ES\",\"potentialAction\":[{\"@type\":\"ReadAction\",\"target\":[\"https:\/\/buscoformaciononline.com\/accesibilidade\/\"]}]},{\"@type\":\"ImageObject\",\"inLanguage\":\"gl-ES\",\"@id\":\"https:\/\/buscoformaciononline.com\/accesibilidade\/#primaryimage\",\"url\":\"https:\/\/buscoformaciononline.com\/wp-content\/uploads\/2023\/07\/icon-tagenata-02.svg\",\"contentUrl\":\"https:\/\/buscoformaciononline.com\/wp-content\/uploads\/2023\/07\/icon-tagenata-02.svg\"},{\"@type\":\"BreadcrumbList\",\"@id\":\"https:\/\/buscoformaciononline.com\/accesibilidade\/#breadcrumb\",\"itemListElement\":[{\"@type\":\"ListItem\",\"position\":1,\"name\":\"Inicio\",\"item\":\"https:\/\/buscoformaciononline.com\/\"},{\"@type\":\"ListItem\",\"position\":2,\"name\":\"Accesibilidade\"}]},{\"@type\":\"WebSite\",\"@id\":\"https:\/\/buscoformaciononline.com\/#website\",\"url\":\"https:\/\/buscoformaciononline.com\/\",\"name\":\"Busco formaci\u00f3n on-line\",\"description\":\"Achegamos co\u00f1ecemento a trav\u00e9s da tecnolox\u00eda\",\"publisher\":{\"@id\":\"https:\/\/buscoformaciononline.com\/#organization\"},\"potentialAction\":[{\"@type\":\"SearchAction\",\"target\":{\"@type\":\"EntryPoint\",\"urlTemplate\":\"https:\/\/buscoformaciononline.com\/?s={search_term_string}\"},\"query-input\":{\"@type\":\"PropertyValueSpecification\",\"valueRequired\":true,\"valueName\":\"search_term_string\"}}],\"inLanguage\":\"gl-ES\"},{\"@type\":\"Organization\",\"@id\":\"https:\/\/buscoformaciononline.com\/#organization\",\"name\":\"Busco formaci\u00f3n on-line\",\"url\":\"https:\/\/buscoformaciononline.com\/\",\"logo\":{\"@type\":\"ImageObject\",\"inLanguage\":\"gl-ES\",\"@id\":\"https:\/\/buscoformaciononline.com\/#\/schema\/logo\/image\/\",\"url\":\"https:\/\/buscoformaciononline.com\/wp-content\/uploads\/2023\/07\/logo_tagenata.svg\",\"contentUrl\":\"https:\/\/buscoformaciononline.com\/wp-content\/uploads\/2023\/07\/logo_tagenata.svg\",\"width\":200,\"height\":60,\"caption\":\"Busco formaci\u00f3n on-line\"},\"image\":{\"@id\":\"https:\/\/buscoformaciononline.com\/#\/schema\/logo\/image\/\"}}]}<\/script>\n<!-- \/ Yoast SEO plugin. -->","yoast_head_json":{"title":"Accesibilidade - Tagen Ata","robots":{"index":"noindex","follow":"follow"},"og_locale":"gl_ES","og_type":"article","og_title":"Accesibilidade - Tagen Ata","og_description":"Tagen Ata Declaraci\u00f3n de accesibilidade De acordo co noso compromiso social, Tagen Ata comprom\u00e9tese a favorecer a accesibilidade do noso sitio (www.buscoformaciononline.com) para todas as persoas, independentemente da s\u00faa condici\u00f3n f\u00edsica ou intelectual. Por este motivo, o portal do grupo foi dese\u00f1ado seguindo as Directrices Internacionais de Accesibilidade de Contidos Web WCAG 2.1 do World [&hellip;]","og_url":"https:\/\/buscoformaciononline.com\/accesibilidade\/","og_site_name":"buscoformaciononline","article_modified_time":"2023-07-12T08:04:20+00:00","og_image":[{"url":"https:\/\/buscoformaciononline.com\/wp-content\/uploads\/2023\/07\/icon-tagenata-02.svg","type":"","width":"","height":""}],"twitter_card":"summary_large_image","twitter_misc":{"Tempo de lectura":"4 minutos"},"schema":{"@context":"https:\/\/schema.org","@graph":[{"@type":"WebPage","@id":"https:\/\/buscoformaciononline.com\/accesibilidade\/","url":"https:\/\/buscoformaciononline.com\/accesibilidade\/","name":"Accesibilidade - Tagen Ata","isPartOf":{"@id":"https:\/\/buscoformaciononline.com\/#website"},"primaryImageOfPage":{"@id":"https:\/\/buscoformaciononline.com\/accesibilidade\/#primaryimage"},"image":{"@id":"https:\/\/buscoformaciononline.com\/accesibilidade\/#primaryimage"},"thumbnailUrl":"https:\/\/buscoformaciononline.com\/wp-content\/uploads\/2023\/07\/icon-tagenata-02.svg","datePublished":"2023-07-07T20:24:08+00:00","dateModified":"2023-07-12T08:04:20+00:00","breadcrumb":{"@id":"https:\/\/buscoformaciononline.com\/accesibilidade\/#breadcrumb"},"inLanguage":"gl-ES","potentialAction":[{"@type":"ReadAction","target":["https:\/\/buscoformaciononline.com\/accesibilidade\/"]}]},{"@type":"ImageObject","inLanguage":"gl-ES","@id":"https:\/\/buscoformaciononline.com\/accesibilidade\/#primaryimage","url":"https:\/\/buscoformaciononline.com\/wp-content\/uploads\/2023\/07\/icon-tagenata-02.svg","contentUrl":"https:\/\/buscoformaciononline.com\/wp-content\/uploads\/2023\/07\/icon-tagenata-02.svg"},{"@type":"BreadcrumbList","@id":"https:\/\/buscoformaciononline.com\/accesibilidade\/#breadcrumb","itemListElement":[{"@type":"ListItem","position":1,"name":"Inicio","item":"https:\/\/buscoformaciononline.com\/"},{"@type":"ListItem","position":2,"name":"Accesibilidade"}]},{"@type":"WebSite","@id":"https:\/\/buscoformaciononline.com\/#website","url":"https:\/\/buscoformaciononline.com\/","name":"Busco formaci\u00f3n on-line","description":"Achegamos co\u00f1ecemento a trav\u00e9s da tecnolox\u00eda","publisher":{"@id":"https:\/\/buscoformaciononline.com\/#organization"},"potentialAction":[{"@type":"SearchAction","target":{"@type":"EntryPoint","urlTemplate":"https:\/\/buscoformaciononline.com\/?s={search_term_string}"},"query-input":{"@type":"PropertyValueSpecification","valueRequired":true,"valueName":"search_term_string"}}],"inLanguage":"gl-ES"},{"@type":"Organization","@id":"https:\/\/buscoformaciononline.com\/#organization","name":"Busco formaci\u00f3n on-line","url":"https:\/\/buscoformaciononline.com\/","logo":{"@type":"ImageObject","inLanguage":"gl-ES","@id":"https:\/\/buscoformaciononline.com\/#\/schema\/logo\/image\/","url":"https:\/\/buscoformaciononline.com\/wp-content\/uploads\/2023\/07\/logo_tagenata.svg","contentUrl":"https:\/\/buscoformaciononline.com\/wp-content\/uploads\/2023\/07\/logo_tagenata.svg","width":200,"height":60,"caption":"Busco formaci\u00f3n on-line"},"image":{"@id":"https:\/\/buscoformaciononline.com\/#\/schema\/logo\/image\/"}}]}},"_links":{"self":[{"href":"https:\/\/buscoformaciononline.com\/gl\/wp-json\/wp\/v2\/pages\/886","targetHints":{"allow":["GET"]}}],"collection":[{"href":"https:\/\/buscoformaciononline.com\/gl\/wp-json\/wp\/v2\/pages"}],"about":[{"href":"https:\/\/buscoformaciononline.com\/gl\/wp-json\/wp\/v2\/types\/page"}],"author":[{"embeddable":true,"href":"https:\/\/buscoformaciononline.com\/gl\/wp-json\/wp\/v2\/users\/2"}],"replies":[{"embeddable":true,"href":"https:\/\/buscoformaciononline.com\/gl\/wp-json\/wp\/v2\/comments?post=886"}],"version-history":[{"count":19,"href":"https:\/\/buscoformaciononline.com\/gl\/wp-json\/wp\/v2\/pages\/886\/revisions"}],"predecessor-version":[{"id":1173,"href":"https:\/\/buscoformaciononline.com\/gl\/wp-json\/wp\/v2\/pages\/886\/revisions\/1173"}],"wp:attachment":[{"href":"https:\/\/buscoformaciononline.com\/gl\/wp-json\/wp\/v2\/media?parent=886"}],"curies":[{"name":"wp","href":"https:\/\/api.w.org\/{rel}","templated":true}]}}