{"id":874,"date":"2023-07-07T20:20:42","date_gmt":"2023-07-07T20:20:42","guid":{"rendered":"https:\/\/buscoformaciononline.com\/?page_id=874"},"modified":"2023-07-10T19:51:02","modified_gmt":"2023-07-10T19:51:02","slug":"politica-de-cookies","status":"publish","type":"page","link":"https:\/\/buscoformaciononline.com\/gl\/politica-de-cookies\/","title":{"rendered":"Pol\u00edtica de cookies"},"content":{"rendered":"\t\t<div data-elementor-type=\"wp-page\" data-elementor-id=\"874\" class=\"elementor elementor-874\">\r\n\t\t\t\t<div class=\"elementor-element elementor-element-682daf8 e-flex e-con-boxed e-con e-parent\" data-id=\"682daf8\" data-element_type=\"container\" data-settings=\"{&quot;background_background&quot;:&quot;classic&quot;,&quot;_ob_use_container_extras&quot;:&quot;no&quot;,&quot;_ob_column_hoveranimator&quot;:&quot;no&quot;,&quot;_ob_glider_is_slider&quot;:&quot;no&quot;,&quot;_ob_column_has_pseudo&quot;:&quot;no&quot;}\">\r\n\t\t\t\t\t<div class=\"e-con-inner\">\r\n\t\t<div class=\"elementor-element elementor-element-e224e56 e-con-full e-flex e-con e-child\" data-id=\"e224e56\" data-element_type=\"container\" data-settings=\"{&quot;_ob_use_container_extras&quot;:&quot;no&quot;,&quot;_ob_column_hoveranimator&quot;:&quot;no&quot;,&quot;_ob_glider_is_slider&quot;:&quot;no&quot;,&quot;_ob_column_has_pseudo&quot;:&quot;no&quot;}\">\r\n\t\t\t\t<div class=\"elementor-element elementor-element-af04084 uael-heading-align-left uael-mobile-heading-align-center ob-has-background-overlay elementor-widget elementor-widget-uael-advanced-heading\" data-id=\"af04084\" data-element_type=\"widget\" data-settings=\"{&quot;_ob_widget_stalker_use&quot;:&quot;no&quot;,&quot;_ob_poopart_use&quot;:&quot;yes&quot;,&quot;_ob_shadough_use&quot;:&quot;no&quot;,&quot;_ob_allow_hoveranimator&quot;:&quot;no&quot;}\" data-widget_type=\"uael-advanced-heading.default\">\r\n\t\t\t\t\t\t<div class=\"elementor-widget-container\">\r\n\t\t\t\t\t\r\n\t\t<div class=\"uael-module-content uael-heading-wrapper\">\r\n\t\t\t\t\t\t<div class=\"uael-module-content uael-separator-parent\">\r\n\t\t\t\t\t\t\t\t<div class=\"uael-separator-wrap\">\r\n\t\t\t\t\t<div class=\"uael-separator-line uael-side-left\">\r\n\t\t\t\t\t\t<span><\/span>\r\n\t\t\t\t\t<\/div>\r\n\t\t\t\t\t<div class=\"uael-divider-content\">\r\n\t\t\t\t\t\t\t\t\t<div class=\"uael-module-content uael-imgicon-wrap elementor-animation-\">\t\t\t\t\t\t\t\t\t\t\t\t\t\t\t<div class=\"uael-icon-wrap\">\r\n\t\t\t\t\t\t\t\t<span class=\"uael-icon\">\r\n\t\t\t\t\t\t\t\t\t<svg xmlns:dc=\"http:\/\/purl.org\/dc\/elements\/1.1\/\" xmlns:cc=\"http:\/\/creativecommons.org\/ns#\" xmlns:rdf=\"http:\/\/www.w3.org\/1999\/02\/22-rdf-syntax-ns#\" xmlns:svg=\"http:\/\/www.w3.org\/2000\/svg\" xmlns=\"http:\/\/www.w3.org\/2000\/svg\" xmlns:sodipodi=\"http:\/\/sodipodi.sourceforge.net\/DTD\/sodipodi-0.dtd\" xmlns:inkscape=\"http:\/\/www.inkscape.org\/namespaces\/inkscape\" width=\"74mm\" height=\"46mm\" viewBox=\"0 0 262.20471 162.9921\" id=\"svg5424\" inkscape:version=\"0.91 r13725\" sodipodi:docname=\"isotipo_tagenata_2_cores.svg\" inkscape:export-filename=\"\/home\/sonia\/WORKS\/IMAXE CORPORATIVA TAGENATA\/LOGOTIPOS DEF\/isotipo_tagenata\/isotipo_tagenata_2_cores.pdf.png\" inkscape:export-xdpi=\"90\" inkscape:export-ydpi=\"90\"><defs id=\"defs5426\"><\/defs><metadata><\/metadata><g inkscape:label=\"Layer 1\" inkscape:groupmode=\"layer\" id=\"layer1\" transform=\"translate(0,-889.3701)\"><g id=\"g103-3-0\" transform=\"matrix(2.1901816,0,0,2.1901816,-514.57084,85.76723)\"><path id=\"path105-6-7\" d=\"m 328.532,368.513 c -20.271,0 -27.19,2.147 -27.19,20.999 l 0,8.82 29.095,0 c 14.315,0 20.99,-5.735 20.99,-14.548 -0.001,-8.118 -6.443,-15.271 -22.895,-15.271 z\" inkscape:connector-curvature=\"0\" style=\"fill:#0075c9\"><\/path><path id=\"path107-1-8\" d=\"m 271.369,410.16 c 14.885,0 22.518,-9.421 22.518,-20.484 0,-12.012 -9.004,-21.163 -24.438,-21.163 -0.839,0 -1.66,0.009 -2.472,0.021 l -28.797,0 0,0.787 0,6.195 0,41.055 c 0,17.08 11.749,22.801 28.815,22.801 10.375,0 18.02,-2.727 23.345,-10.098 l -10.92,-8.322 c -2.451,3.954 -5.866,5.316 -13.104,5.316 -9.977,0 -14.201,-2.326 -14.201,-8.874 l 0,-7.233 19.254,0 z m 9.42,-19.803 c 0,5.049 -3.819,8.336 -12.021,8.336 l -16.652,0 0,-5.059 c 0,-10.788 3.957,-12.022 15.569,-12.022 9.417,0 13.104,4.099 13.104,8.745 z\" inkscape:connector-curvature=\"0\" style=\"fill:#a4a9ad\"><\/path><\/g><\/g><\/svg>\r\n\t\t\t\t\t\t\t\t<\/span>\r\n\t\t\t\t\t\t\t<\/div>\r\n\t\t\t\t\t\t\t\r\n\t\t\t\t\t\t\t\t\t\t\t<\/div>\r\n\t\t\t\t\t\t\t\t\t\r\n\t\t\t\t\t<\/div>\r\n\t\t\t\t\t<div class=\"uael-separator-line uael-side-right\">\r\n\t\t\t\t\t\t<span><\/span>\r\n\t\t\t\t\t<\/div>\r\n\t\t\t\t<\/div>\r\n\t\t\t\t\t\t\t\t\t\t<\/div>\r\n\t\t\t\t\t\t\t\t\t\t<div class=\"uael-sub-heading elementor-inline-editing\" data-elementor-setting-key=\"sub_heading\" data-elementor-inline-editing-toolbar=\"advanced\" >Tagen Ata<\/div>\r\n\t\t\t\r\n\t\t\t<h1 class=\"uael-heading\">\r\n\t\t\t\t\t\t\t\t\t\t<span class=\"uael-heading-text elementor-inline-editing uael-size--default\" data-elementor-setting-key=\"heading_title\" data-elementor-inline-editing-toolbar=\"basic\">Pol\u00edtica de cookies<\/span>\r\n\t\t\t\t\t\t\t<\/h1>\r\n\r\n\t\t\t\r\n\t\t\t\r\n\t\t\t\r\n\t\t\t\t\t\t<\/div>\r\n\t\t\t\t\t\t<\/div>\r\n\t\t\t\t<\/div>\r\n\t\t\t\t<\/div>\r\n\t\t<div class=\"elementor-element elementor-element-16e7c2b e-con-full elementor-hidden-mobile e-flex e-con e-child\" data-id=\"16e7c2b\" data-element_type=\"container\" data-settings=\"{&quot;_ob_use_container_extras&quot;:&quot;no&quot;,&quot;_ob_column_hoveranimator&quot;:&quot;no&quot;,&quot;_ob_glider_is_slider&quot;:&quot;no&quot;,&quot;_ob_column_has_pseudo&quot;:&quot;no&quot;}\">\r\n\t\t\t\t<div class=\"elementor-element elementor-element-f314629 ob-has-background-overlay elementor-widget elementor-widget-image\" data-id=\"f314629\" data-element_type=\"widget\" data-settings=\"{&quot;_ob_photomorph_use&quot;:&quot;no&quot;,&quot;_ob_widget_stalker_use&quot;:&quot;no&quot;,&quot;_ob_poopart_use&quot;:&quot;yes&quot;,&quot;_ob_shadough_use&quot;:&quot;no&quot;,&quot;_ob_allow_hoveranimator&quot;:&quot;no&quot;}\" data-widget_type=\"image.default\">\r\n\t\t\t\t\t\t<div class=\"elementor-widget-container\">\r\n\t\t\t\t\t\t\t\t\t\t\t\t\t\t\t<img fetchpriority=\"high\" decoding=\"async\" width=\"1200\" height=\"1200\" src=\"https:\/\/buscoformaciononline.com\/wp-content\/uploads\/2023\/07\/icon-tagenata-02.svg\" class=\"attachment-large size-large wp-image-829\" alt=\"Icono Tagen Ata\" \/>\t\t\t\t\t\t\t\t\t\t\t\t\t\t\t<\/div>\r\n\t\t\t\t<\/div>\r\n\t\t\t\t<\/div>\r\n\t\t\t\t\t<\/div>\r\n\t\t\t\t<\/div>\r\n\t\t<div class=\"elementor-element elementor-element-5ebe830 e-flex e-con-boxed e-con e-parent\" data-id=\"5ebe830\" data-element_type=\"container\" data-settings=\"{&quot;background_background&quot;:&quot;classic&quot;,&quot;_ob_use_container_extras&quot;:&quot;no&quot;,&quot;_ob_column_hoveranimator&quot;:&quot;no&quot;,&quot;_ob_glider_is_slider&quot;:&quot;no&quot;,&quot;_ob_column_has_pseudo&quot;:&quot;no&quot;}\">\r\n\t\t\t\t\t<div class=\"e-con-inner\">\r\n\t\t\t\t<div class=\"elementor-element elementor-element-cfd9eae ob-harakiri-inherit ob-has-background-overlay elementor-widget elementor-widget-text-editor\" data-id=\"cfd9eae\" data-element_type=\"widget\" data-settings=\"{&quot;_ob_use_harakiri&quot;:&quot;yes&quot;,&quot;_ob_harakiri_writing_mode&quot;:&quot;inherit&quot;,&quot;_ob_postman_use&quot;:&quot;no&quot;,&quot;_ob_widget_stalker_use&quot;:&quot;no&quot;,&quot;_ob_poopart_use&quot;:&quot;yes&quot;,&quot;_ob_shadough_use&quot;:&quot;no&quot;,&quot;_ob_allow_hoveranimator&quot;:&quot;no&quot;}\" data-widget_type=\"text-editor.default\">\r\n\t\t\t\t\t\t<div class=\"elementor-widget-container\">\r\n\t\t\t\t\t\t\t\t\t<p><strong>Uso de cookies<\/strong><\/p><p>Nos sitios web e subdominios de <span style=\"text-decoration: underline;\">buscoformaciononline.com<\/span> utilizamos cookies para co\u00f1ecer os teus h\u00e1bitos de navegaci\u00f3n web.<\/p><p>\u00a0<\/p><p><strong>Que son as cookies<\/strong><\/p><p>As cookies son pequenos ficheiros que se almacenan nos navegadores web para gardar as t\u00faas preferencias de navegaci\u00f3n, co\u00f1ecer as caracter\u00edsticas dos dispositivos que utilizas e nalg\u00fans casos, identificarte para poder prestarte determinados servizos: vendas online, cursos online, etc. Este tipo de ficheiros causan \u00e1s veces problemas, polo que \u00e9 conveniente eliminar cookies e historial de cando en vez. Ao final indicar\u00e9mosche algunhas ligaz\u00f3ns nas que podes consultar como realizar esta xesti\u00f3n dependendo do navegador que empregas habitualmente.<\/p><p>\u00a0<\/p><p><strong>Como utilizamos as cookies nas webs de Tagen Ata<\/strong><\/p><p>Na maior\u00eda das nosas webs, s\u00f3 utilizamos cookies que che poden identificar se realizas alg\u00fan comentario nos nosos blogues, adquires a trav\u00e9s da web alg\u00fan dos nosos servizos ou realizas alg\u00fan curso online. Se s\u00f3 navegas pola web e non realizas ningunha destas acci\u00f3ns, tan s\u00f3 poderemos obter datos de uso, localizaci\u00f3n, IP e outros datos xen\u00e9ricos que non serven para identificarte. Se realizas algunha compra ou realizas alg\u00fan curso online, poder\u00e1n utilizarse cookies que poder\u00e1n identificarte e garantir que es ti a persoa que realiza ese curso ou adquire un determinado servizo. En todo caso, ser\u00e1n datos que ti proporcionar\u00edas e que n\u00f3s facilitaremos que os poidas actualizar, corrixir, eliminar sempre que sexa un servizo que xestionemos n\u00f3s directamente.<\/p><p>\u00a0<\/p><p><strong>Como podo xestionar as cookies dos meus dispositivos<\/strong><\/p><p>Dependendo do navegador web que utilices, poder\u00e1s xestionar as cookies como indica a empresa desenvolvedora. Deix\u00e1mosche a continuaci\u00f3n as ligaz\u00f3ns \u00e1 xesti\u00f3n de cookies dos navegadores m\u00e1is utilizados:<\/p><ul><li>Mozilla Firefox: <a href=\"https:\/\/support.mozilla.org\/es\/kb\/habilitar-y-deshabilitar-cookies-sitios-web-rastrear-preferencias\" target=\"_blank\" rel=\"noopener\">https:\/\/support.mozilla.org\/es\/kb\/habilitar-y-deshabilitar-cookies-sitios-web-rastrear-preferencias<\/a><\/li><li>Safari: <a href=\"https:\/\/support.google.com\/accounts\/answer\/32050?co=GENIE.Platform%3DDesktop&amp;hl=es\" target=\"_blank\" rel=\"noopener\">https:\/\/support.google.com\/accounts\/answer\/32050?co=GENIE.Platform%3DDesktop&amp;hl=es<\/a><\/li><li>Internet Explorer: <a href=\"https:\/\/support.microsoft.com\/es-es\/help\/17442\/windows-internet-explorer-delete-manage-cookies\" target=\"_blank\" rel=\"noopener\">https:\/\/support.microsoft.com\/es-es\/help\/17442\/windows-internet-explorer-delete-manage-cookies<\/a><\/li><li>Microsoft Edge: <a href=\"https:\/\/privacy.microsoft.com\/es-es\/windows-10-microsoft-edge-and-privacy\" target=\"_blank\" rel=\"noopener\">https:\/\/privacy.microsoft.com\/es-es\/windows-10-microsoft-edge-and-privacy<\/a><\/li><\/ul><p>Se o desexas tam\u00e9n podes consultar a nosa <a href=\"https:\/\/buscoformaciononline.com\/politica-de-privacidade\/\">pol\u00edtica de privacidade e aviso legal<\/a>.<\/p>\t\t\t\t\t\t\t\t<\/div>\r\n\t\t\t\t<\/div>\r\n\t\t\t\t\t<\/div>\r\n\t\t\t\t<\/div>\r\n\t\t\t\t<\/div>\r\n\t\t","protected":false},"excerpt":{"rendered":"<p>Tagen Ata Pol\u00edtica de cookies Uso de cookies Nos sitios web e subdominios de buscoformaciononline.com utilizamos cookies para co\u00f1ecer os teus h\u00e1bitos de navegaci\u00f3n web. \u00a0 Que son as cookies As cookies son pequenos ficheiros que se almacenan nos navegadores web para gardar as t\u00faas preferencias de navegaci\u00f3n, co\u00f1ecer as caracter\u00edsticas dos dispositivos que utilizas [&hellip;]<\/p>\n","protected":false},"author":2,"featured_media":0,"parent":0,"menu_order":0,"comment_status":"closed","ping_status":"closed","template":"","meta":{"inline_featured_image":false,"site-sidebar-layout":"no-sidebar","site-content-layout":"page-builder","ast-site-content-layout":"default","site-content-style":"default","site-sidebar-style":"default","ast-global-header-display":"","ast-banner-title-visibility":"","ast-main-header-display":"","ast-hfb-above-header-display":"","ast-hfb-below-header-display":"","ast-hfb-mobile-header-display":"","site-post-title":"disabled","ast-breadcrumbs-content":"","ast-featured-img":"disabled","footer-sml-layout":"","theme-transparent-header-meta":"","adv-header-id-meta":"","stick-header-meta":"","header-above-stick-meta":"","header-main-stick-meta":"","header-below-stick-meta":"","astra-migrate-meta-layouts":"default","ast-page-background-enabled":"default","ast-page-background-meta":{"desktop":{"background-color":"","background-image":"","background-repeat":"repeat","background-position":"center center","background-size":"auto","background-attachment":"scroll","background-type":"","background-media":"","overlay-type":"","overlay-color":"","overlay-opacity":"","overlay-gradient":""},"tablet":{"background-color":"","background-image":"","background-repeat":"repeat","background-position":"center center","background-size":"auto","background-attachment":"scroll","background-type":"","background-media":"","overlay-type":"","overlay-color":"","overlay-opacity":"","overlay-gradient":""},"mobile":{"background-color":"","background-image":"","background-repeat":"repeat","background-position":"center center","background-size":"auto","background-attachment":"scroll","background-type":"","background-media":"","overlay-type":"","overlay-color":"","overlay-opacity":"","overlay-gradient":""}},"ast-content-background-meta":{"desktop":{"background-color":"var(--ast-global-color-5)","background-image":"","background-repeat":"repeat","background-position":"center center","background-size":"auto","background-attachment":"scroll","background-type":"","background-media":"","overlay-type":"","overlay-color":"","overlay-opacity":"","overlay-gradient":""},"tablet":{"background-color":"var(--ast-global-color-5)","background-image":"","background-repeat":"repeat","background-position":"center center","background-size":"auto","background-attachment":"scroll","background-type":"","background-media":"","overlay-type":"","overlay-color":"","overlay-opacity":"","overlay-gradient":""},"mobile":{"background-color":"var(--ast-global-color-5)","background-image":"","background-repeat":"repeat","background-position":"center center","background-size":"auto","background-attachment":"scroll","background-type":"","background-media":"","overlay-type":"","overlay-color":"","overlay-opacity":"","overlay-gradient":""}},"footnotes":""},"class_list":["post-874","page","type-page","status-publish","hentry"],"yoast_head":"<!-- This site is optimized with the Yoast SEO plugin v26.0 - https:\/\/yoast.com\/wordpress\/plugins\/seo\/ -->\n<title>Pol\u00edtica de cookies - Tagen Ata<\/title>\n<meta name=\"robots\" content=\"noindex, follow\" \/>\n<meta property=\"og:locale\" content=\"gl_ES\" \/>\n<meta property=\"og:type\" content=\"article\" \/>\n<meta property=\"og:title\" content=\"Pol\u00edtica de cookies - Tagen Ata\" \/>\n<meta property=\"og:description\" content=\"Tagen Ata Pol\u00edtica de cookies Uso de cookies Nos sitios web e subdominios de buscoformaciononline.com utilizamos cookies para co\u00f1ecer os teus h\u00e1bitos de navegaci\u00f3n web. \u00a0 Que son as cookies As cookies son pequenos ficheiros que se almacenan nos navegadores web para gardar as t\u00faas preferencias de navegaci\u00f3n, co\u00f1ecer as caracter\u00edsticas dos dispositivos que utilizas [&hellip;]\" \/>\n<meta property=\"og:url\" content=\"https:\/\/buscoformaciononline.com\/politica-de-cookies\/\" \/>\n<meta property=\"og:site_name\" content=\"buscoformaciononline\" \/>\n<meta property=\"article:modified_time\" content=\"2023-07-10T19:51:02+00:00\" \/>\n<meta property=\"og:image\" content=\"https:\/\/buscoformaciononline.com\/wp-content\/uploads\/2023\/07\/icon-tagenata-02.svg\" \/>\n<meta name=\"twitter:card\" content=\"summary_large_image\" \/>\n<meta name=\"twitter:label1\" content=\"Tempo de lectura\" \/>\n\t<meta name=\"twitter:data1\" content=\"2 minutos\" \/>\n<script type=\"application\/ld+json\" class=\"yoast-schema-graph\">{\"@context\":\"https:\/\/schema.org\",\"@graph\":[{\"@type\":\"WebPage\",\"@id\":\"https:\/\/buscoformaciononline.com\/politica-de-cookies\/\",\"url\":\"https:\/\/buscoformaciononline.com\/politica-de-cookies\/\",\"name\":\"Pol\u00edtica de cookies - Tagen Ata\",\"isPartOf\":{\"@id\":\"https:\/\/buscoformaciononline.com\/#website\"},\"primaryImageOfPage\":{\"@id\":\"https:\/\/buscoformaciononline.com\/politica-de-cookies\/#primaryimage\"},\"image\":{\"@id\":\"https:\/\/buscoformaciononline.com\/politica-de-cookies\/#primaryimage\"},\"thumbnailUrl\":\"https:\/\/buscoformaciononline.com\/wp-content\/uploads\/2023\/07\/icon-tagenata-02.svg\",\"datePublished\":\"2023-07-07T20:20:42+00:00\",\"dateModified\":\"2023-07-10T19:51:02+00:00\",\"breadcrumb\":{\"@id\":\"https:\/\/buscoformaciononline.com\/politica-de-cookies\/#breadcrumb\"},\"inLanguage\":\"gl-ES\",\"potentialAction\":[{\"@type\":\"ReadAction\",\"target\":[\"https:\/\/buscoformaciononline.com\/politica-de-cookies\/\"]}]},{\"@type\":\"ImageObject\",\"inLanguage\":\"gl-ES\",\"@id\":\"https:\/\/buscoformaciononline.com\/politica-de-cookies\/#primaryimage\",\"url\":\"https:\/\/buscoformaciononline.com\/wp-content\/uploads\/2023\/07\/icon-tagenata-02.svg\",\"contentUrl\":\"https:\/\/buscoformaciononline.com\/wp-content\/uploads\/2023\/07\/icon-tagenata-02.svg\"},{\"@type\":\"BreadcrumbList\",\"@id\":\"https:\/\/buscoformaciononline.com\/politica-de-cookies\/#breadcrumb\",\"itemListElement\":[{\"@type\":\"ListItem\",\"position\":1,\"name\":\"Inicio\",\"item\":\"https:\/\/buscoformaciononline.com\/\"},{\"@type\":\"ListItem\",\"position\":2,\"name\":\"Pol\u00edtica de cookies\"}]},{\"@type\":\"WebSite\",\"@id\":\"https:\/\/buscoformaciononline.com\/#website\",\"url\":\"https:\/\/buscoformaciononline.com\/\",\"name\":\"Busco formaci\u00f3n on-line\",\"description\":\"Achegamos co\u00f1ecemento a trav\u00e9s da tecnolox\u00eda\",\"publisher\":{\"@id\":\"https:\/\/buscoformaciononline.com\/#organization\"},\"potentialAction\":[{\"@type\":\"SearchAction\",\"target\":{\"@type\":\"EntryPoint\",\"urlTemplate\":\"https:\/\/buscoformaciononline.com\/?s={search_term_string}\"},\"query-input\":{\"@type\":\"PropertyValueSpecification\",\"valueRequired\":true,\"valueName\":\"search_term_string\"}}],\"inLanguage\":\"gl-ES\"},{\"@type\":\"Organization\",\"@id\":\"https:\/\/buscoformaciononline.com\/#organization\",\"name\":\"Busco formaci\u00f3n on-line\",\"url\":\"https:\/\/buscoformaciononline.com\/\",\"logo\":{\"@type\":\"ImageObject\",\"inLanguage\":\"gl-ES\",\"@id\":\"https:\/\/buscoformaciononline.com\/#\/schema\/logo\/image\/\",\"url\":\"https:\/\/buscoformaciononline.com\/wp-content\/uploads\/2023\/07\/logo_tagenata.svg\",\"contentUrl\":\"https:\/\/buscoformaciononline.com\/wp-content\/uploads\/2023\/07\/logo_tagenata.svg\",\"width\":200,\"height\":60,\"caption\":\"Busco formaci\u00f3n on-line\"},\"image\":{\"@id\":\"https:\/\/buscoformaciononline.com\/#\/schema\/logo\/image\/\"}}]}<\/script>\n<!-- \/ Yoast SEO plugin. -->","yoast_head_json":{"title":"Pol\u00edtica de cookies - Tagen Ata","robots":{"index":"noindex","follow":"follow"},"og_locale":"gl_ES","og_type":"article","og_title":"Pol\u00edtica de cookies - Tagen Ata","og_description":"Tagen Ata Pol\u00edtica de cookies Uso de cookies Nos sitios web e subdominios de buscoformaciononline.com utilizamos cookies para co\u00f1ecer os teus h\u00e1bitos de navegaci\u00f3n web. \u00a0 Que son as cookies As cookies son pequenos ficheiros que se almacenan nos navegadores web para gardar as t\u00faas preferencias de navegaci\u00f3n, co\u00f1ecer as caracter\u00edsticas dos dispositivos que utilizas [&hellip;]","og_url":"https:\/\/buscoformaciononline.com\/politica-de-cookies\/","og_site_name":"buscoformaciononline","article_modified_time":"2023-07-10T19:51:02+00:00","og_image":[{"url":"https:\/\/buscoformaciononline.com\/wp-content\/uploads\/2023\/07\/icon-tagenata-02.svg","type":"","width":"","height":""}],"twitter_card":"summary_large_image","twitter_misc":{"Tempo de lectura":"2 minutos"},"schema":{"@context":"https:\/\/schema.org","@graph":[{"@type":"WebPage","@id":"https:\/\/buscoformaciononline.com\/politica-de-cookies\/","url":"https:\/\/buscoformaciononline.com\/politica-de-cookies\/","name":"Pol\u00edtica de cookies - Tagen Ata","isPartOf":{"@id":"https:\/\/buscoformaciononline.com\/#website"},"primaryImageOfPage":{"@id":"https:\/\/buscoformaciononline.com\/politica-de-cookies\/#primaryimage"},"image":{"@id":"https:\/\/buscoformaciononline.com\/politica-de-cookies\/#primaryimage"},"thumbnailUrl":"https:\/\/buscoformaciononline.com\/wp-content\/uploads\/2023\/07\/icon-tagenata-02.svg","datePublished":"2023-07-07T20:20:42+00:00","dateModified":"2023-07-10T19:51:02+00:00","breadcrumb":{"@id":"https:\/\/buscoformaciononline.com\/politica-de-cookies\/#breadcrumb"},"inLanguage":"gl-ES","potentialAction":[{"@type":"ReadAction","target":["https:\/\/buscoformaciononline.com\/politica-de-cookies\/"]}]},{"@type":"ImageObject","inLanguage":"gl-ES","@id":"https:\/\/buscoformaciononline.com\/politica-de-cookies\/#primaryimage","url":"https:\/\/buscoformaciononline.com\/wp-content\/uploads\/2023\/07\/icon-tagenata-02.svg","contentUrl":"https:\/\/buscoformaciononline.com\/wp-content\/uploads\/2023\/07\/icon-tagenata-02.svg"},{"@type":"BreadcrumbList","@id":"https:\/\/buscoformaciononline.com\/politica-de-cookies\/#breadcrumb","itemListElement":[{"@type":"ListItem","position":1,"name":"Inicio","item":"https:\/\/buscoformaciononline.com\/"},{"@type":"ListItem","position":2,"name":"Pol\u00edtica de cookies"}]},{"@type":"WebSite","@id":"https:\/\/buscoformaciononline.com\/#website","url":"https:\/\/buscoformaciononline.com\/","name":"Busco formaci\u00f3n on-line","description":"Achegamos co\u00f1ecemento a trav\u00e9s da tecnolox\u00eda","publisher":{"@id":"https:\/\/buscoformaciononline.com\/#organization"},"potentialAction":[{"@type":"SearchAction","target":{"@type":"EntryPoint","urlTemplate":"https:\/\/buscoformaciononline.com\/?s={search_term_string}"},"query-input":{"@type":"PropertyValueSpecification","valueRequired":true,"valueName":"search_term_string"}}],"inLanguage":"gl-ES"},{"@type":"Organization","@id":"https:\/\/buscoformaciononline.com\/#organization","name":"Busco formaci\u00f3n on-line","url":"https:\/\/buscoformaciononline.com\/","logo":{"@type":"ImageObject","inLanguage":"gl-ES","@id":"https:\/\/buscoformaciononline.com\/#\/schema\/logo\/image\/","url":"https:\/\/buscoformaciononline.com\/wp-content\/uploads\/2023\/07\/logo_tagenata.svg","contentUrl":"https:\/\/buscoformaciononline.com\/wp-content\/uploads\/2023\/07\/logo_tagenata.svg","width":200,"height":60,"caption":"Busco formaci\u00f3n on-line"},"image":{"@id":"https:\/\/buscoformaciononline.com\/#\/schema\/logo\/image\/"}}]}},"_links":{"self":[{"href":"https:\/\/buscoformaciononline.com\/gl\/wp-json\/wp\/v2\/pages\/874","targetHints":{"allow":["GET"]}}],"collection":[{"href":"https:\/\/buscoformaciononline.com\/gl\/wp-json\/wp\/v2\/pages"}],"about":[{"href":"https:\/\/buscoformaciononline.com\/gl\/wp-json\/wp\/v2\/types\/page"}],"author":[{"embeddable":true,"href":"https:\/\/buscoformaciononline.com\/gl\/wp-json\/wp\/v2\/users\/2"}],"replies":[{"embeddable":true,"href":"https:\/\/buscoformaciononline.com\/gl\/wp-json\/wp\/v2\/comments?post=874"}],"version-history":[{"count":16,"href":"https:\/\/buscoformaciononline.com\/gl\/wp-json\/wp\/v2\/pages\/874\/revisions"}],"predecessor-version":[{"id":1022,"href":"https:\/\/buscoformaciononline.com\/gl\/wp-json\/wp\/v2\/pages\/874\/revisions\/1022"}],"wp:attachment":[{"href":"https:\/\/buscoformaciononline.com\/gl\/wp-json\/wp\/v2\/media?parent=874"}],"curies":[{"name":"wp","href":"https:\/\/api.w.org\/{rel}","templated":true}]}}